{"id":264,"date":"2020-06-30T13:13:08","date_gmt":"2020-06-30T17:13:08","guid":{"rendered":"https:\/\/resources.newhouse.syr.edu\/cdc\/?page_id=264"},"modified":"2026-04-01T12:04:33","modified_gmt":"2026-04-01T16:04:33","slug":"seminars-and-events","status":"publish","type":"page","link":"https:\/\/resources.newhouse.syr.edu\/cdc\/seminars-and-events\/","title":{"rendered":"Seminars &amp; Events"},"content":{"rendered":"\n<div style=\"height:30px\" aria-hidden=\"true\" class=\"wp-block-spacer\"><\/div>\n\n\n\n<p>The Newhouse Career Development Center is ready to teach you how to find a great internship, conduct a proactive job search, and write a strong cover letter and r\u00e9sum\u00e9.<br><br>Scroll down for a list the seminars and events we offer on a regular basis. Register on Handshake to sign up for the session that fits your schedule.<\/p>\n\n\n\n<div style=\"height:30px\" aria-hidden=\"true\" class=\"wp-block-spacer\"><\/div>\n\n\n\n<p><\/p>\n\n\n\n<div class=\"wp-block-buttons is-horizontal is-content-justification-center is-layout-flex wp-container-core-buttons-is-layout-1 wp-block-buttons-is-layout-flex\">\n<div class=\"wp-block-button\"><a class=\"wp-block-button__link has-luminous-vivid-orange-background-color has-background wp-element-button\" href=\"https:\/\/syr.joinhandshake.com\/edu\/events\">Register on Handshake<\/a><\/div>\n<\/div>\n\n\n\n<div style=\"height:45px\" aria-hidden=\"true\" class=\"wp-block-spacer\"><\/div>\n\n\n\n<div style=\"height:20px\" aria-hidden=\"true\" class=\"wp-block-spacer\"><\/div>\n\n\n\n<h2 class=\"wp-block-heading has-luminous-vivid-orange-color has-text-color\">Spring 2026 SEMINARS<\/h2>\n\n\n\n<p><\/p>\n\n\n\n<div style=\"height:30px\" aria-hidden=\"true\" class=\"wp-block-spacer\"><\/div>\n\n\n\n<h2 class=\"wp-block-heading\">Get Ready to Get Ahead: Finding an Internship<\/h2>\n\n\n\n<p>There are a lot of internships out there! In the Finding an Internship seminar, the Newhouse CDC lays out the steps to conducting a successful internship search, explains the internship resources that exist at Newhouse and on campus, and demonstrates how to use a unique networking tool (CareerShift) to augment any internship search. After attending, students will have the tools needed to create a focused and targeted search, and understand where to find leads, when to apply, and how to keep track of your many applications and networking contacts.<\/p>\n\n\n\n<div style=\"height:30px\" aria-hidden=\"true\" class=\"wp-block-spacer\"><\/div>\n\n\n\n<p><\/p>\n\n\n\n<hr class=\"wp-block-separator has-text-color has-luminous-vivid-orange-color has-css-opacity has-luminous-vivid-orange-background-color has-background is-style-wide\" \/>\n\n\n\n<ul>\n<li>More to come Fall 2026<\/li>\n<\/ul>\n\n\n\n<div style=\"height:30px\" aria-hidden=\"true\" class=\"wp-block-spacer\"><\/div>\n\n\n\n<hr class=\"wp-block-separator has-text-color has-luminous-vivid-orange-color has-css-opacity has-luminous-vivid-orange-background-color has-background is-style-wide\" \/>\n\n\n\n<div style=\"height:30px\" aria-hidden=\"true\" class=\"wp-block-spacer\"><\/div>\n\n\n\n<h2 class=\"wp-block-heading\">Job Hunt Marathon<\/h2>\n\n\n\n<p>There is a reason why Newhouse leads in graduates landing a job after graduation and it is because of the skills learned in this seminar. In the Job Hunt Marathon, the Newhouse CDC will teach you how to organize a self-directed search, learn the strategies to plan a specific path to success, and networking best practices that are vital to being able to establish and maintain professional relationships in the communications industry.<\/p>\n\n\n\n<div style=\"height:30px\" aria-hidden=\"true\" class=\"wp-block-spacer\"><\/div>\n\n\n\n<p><\/p>\n\n\n\n<ul>\n<li><a href=\"https:\/\/syr.joinhandshake.com\/edu\/events\/1874905\" data-type=\"link\" data-id=\"https:\/\/syr.joinhandshake.com\/edu\/events\/1874905\">Friday, April 10 | 2:00-4:15 p.m.<\/a> | 432\/434 N3<\/li>\n\n\n\n<li><a href=\"https:\/\/syr.joinhandshake.com\/edu\/events\/1874915\" data-type=\"link\" data-id=\"https:\/\/syr.joinhandshake.com\/edu\/events\/1874915\">Monday, April 27 | 2:00-4:15 p.m.<\/a> | 432\/434 N3<\/li>\n<\/ul>\n\n\n\n<hr class=\"wp-block-separator has-text-color has-luminous-vivid-orange-color has-css-opacity has-luminous-vivid-orange-background-color has-background is-style-wide\" \/>\n\n\n\n<div style=\"height:30px\" aria-hidden=\"true\" class=\"wp-block-spacer\"><\/div>\n\n\n\n<p><\/p>\n\n\n\n<p><\/p>\n\n\n\n<ul>\n<li><\/li>\n<\/ul>\n\n\n\n<div style=\"height:30px\" aria-hidden=\"true\" class=\"wp-block-spacer\"><\/div>\n\n\n\n<hr class=\"wp-block-separator has-text-color has-luminous-vivid-orange-color has-css-opacity has-luminous-vivid-orange-background-color has-background is-style-wide\" \/>\n\n\n\n<div style=\"height:30px\" aria-hidden=\"true\" class=\"wp-block-spacer\"><\/div>\n\n\n\n<hr class=\"wp-block-separator has-text-color has-luminous-vivid-orange-color has-css-opacity has-luminous-vivid-orange-background-color has-background is-style-wide\" \/>\n\n\n\n<div style=\"height:30px\" aria-hidden=\"true\" class=\"wp-block-spacer\"><\/div>\n\n\n\n<h2 class=\"wp-block-heading\">R\u00e9sum\u00e9 &amp; Cover Letter Writing Workshop<\/h2>\n\n\n\n<p>Over the years, the Newhouse CDC has received many compliments from employers about its method of r\u00e9sum\u00e9 and letter writing. In this seminar, the CDC shows how to write an effective, one-page r\u00e9sum\u00e9 and a strong cover letter that are suited to the communications industry and will make students&#8217; applications stand out in a crowd of applicants.&nbsp;<\/p>\n\n\n\n<div style=\"height:31px\" aria-hidden=\"true\" class=\"wp-block-spacer\"><\/div>\n\n\n\n<p><\/p>\n\n\n\n<hr class=\"wp-block-separator has-text-color has-luminous-vivid-orange-color has-css-opacity has-luminous-vivid-orange-background-color has-background is-style-wide\" \/>\n\n\n\n<p><\/p>\n\n\n\n<ul>\n<li><a href=\"https:\/\/syr.joinhandshake.com\/edu\/events\/1874928\" data-type=\"link\" data-id=\"https:\/\/syr.joinhandshake.com\/edu\/events\/1874928\">Wednesday, April 8 | 6:00-7:00 p.m. <\/a>| 432\/434 N3<\/li>\n<\/ul>\n\n\n\n<div style=\"height:30px\" aria-hidden=\"true\" class=\"wp-block-spacer\"><\/div>\n\n\n\n<hr class=\"wp-block-separator has-text-color has-luminous-vivid-orange-color has-css-opacity has-luminous-vivid-orange-background-color has-background is-style-wide\" \/>\n\n\n\n<div style=\"height:30px\" aria-hidden=\"true\" class=\"wp-block-spacer\"><\/div>\n\n\n\n<h2 class=\"wp-block-heading has-text-align-left has-luminous-vivid-orange-color has-text-color\">EVENTS<\/h2>\n\n\n\n<div style=\"height:30px\" aria-hidden=\"true\" class=\"wp-block-spacer\"><\/div>\n\n\n\n<p class=\"has-large-font-size\"><strong>Career Advising Drop-in&#8217;s<\/strong><\/p>\n\n\n\n<p>These quick appointments with a CDC counselor will answer questions about r\u00e9sum\u00e9s, cover letters, interviewing, internship\/job search, networking or anything career-related! These are 10 -minute appointments. If you have a longer question, we want to make sure to give you quality time and encourage you to schedule a regular appointment through Handshake.<\/p>\n\n\n\n<p><strong>Every WEDNESDAY of the month&nbsp;&nbsp;&nbsp;&nbsp; 11:30-1:00 p.m.&nbsp;&nbsp;&nbsp;&nbsp;&nbsp; 313 N3 (IN PERSON)<\/strong><\/p>\n\n\n\n<p><strong>Every FRIDAY of the month&nbsp;&nbsp;&nbsp;&nbsp;&nbsp;&nbsp;&nbsp;&nbsp;&nbsp;&nbsp;&nbsp;&nbsp;&nbsp;&nbsp;&nbsp; 11:30-1:00 p.m.&nbsp;&nbsp;&nbsp;&nbsp;&nbsp; 313 N3 (IN PERSON)<\/strong><\/p>\n\n\n\n<p><\/p>\n","protected":false},"excerpt":{"rendered":"<p>From alumni networking panels to career skills seminars that will teach you everything you need for your job hunt, the Newhouse CDC has a slate of events tailored to your needs.<\/p>\n","protected":false},"author":7,"featured_media":0,"parent":0,"menu_order":0,"comment_status":"closed","ping_status":"closed","template":"template-events.php","meta":{"inline_featured_image":false,"footnotes":""},"acf":[],"_links":{"self":[{"href":"https:\/\/resources.newhouse.syr.edu\/cdc\/wp-json\/wp\/v2\/pages\/264"}],"collection":[{"href":"https:\/\/resources.newhouse.syr.edu\/cdc\/wp-json\/wp\/v2\/pages"}],"about":[{"href":"https:\/\/resources.newhouse.syr.edu\/cdc\/wp-json\/wp\/v2\/types\/page"}],"author":[{"embeddable":true,"href":"https:\/\/resources.newhouse.syr.edu\/cdc\/wp-json\/wp\/v2\/users\/7"}],"replies":[{"embeddable":true,"href":"https:\/\/resources.newhouse.syr.edu\/cdc\/wp-json\/wp\/v2\/comments?post=264"}],"version-history":[{"count":136,"href":"https:\/\/resources.newhouse.syr.edu\/cdc\/wp-json\/wp\/v2\/pages\/264\/revisions"}],"predecessor-version":[{"id":14409,"href":"https:\/\/resources.newhouse.syr.edu\/cdc\/wp-json\/wp\/v2\/pages\/264\/revisions\/14409"}],"wp:attachment":[{"href":"https:\/\/resources.newhouse.syr.edu\/cdc\/wp-json\/wp\/v2\/media?parent=264"}],"curies":[{"name":"wp","href":"https:\/\/api.w.org\/{rel}","templated":true}]}}